{"id":58,"date":"2020-12-27T21:15:55","date_gmt":"2020-12-27T21:15:55","guid":{"rendered":"https:\/\/lingua-iusta.nl\/?page_id=58"},"modified":"2020-12-28T19:24:07","modified_gmt":"2020-12-28T18:24:07","slug":"58-2","status":"publish","type":"page","link":"https:\/\/lingua-iusta.nl\/?page_id=58","title":{"rendered":"Be\u00ebdigd vertalen"},"content":{"rendered":"\n<h2 style=\"font-size:27px\"><strong>Wat is een be\u00ebdigde vertaling precies?<\/strong><\/h2>\n\n\n\n<p>Een be\u00ebdigde vertaling is een vertaling gemaakt door een be\u00ebdigd vertaler. Een vertaling van zijn hand is rechtsgeldig, want hij staat ingeschreven in het Register Be\u00ebdigde Tolken en Vertalers \u00e9n is be\u00ebdigd door een rechtbank. Een be\u00ebdigd vertaler staat bij minimaal \u00e9\u00e9n rechtbank geregistreerd. Een vertaling van een be\u00ebdigd vertaler is pas \u00e9cht een be\u00ebdigde vertaling als ze is voorzien van een slotformule van de vertaler, vergezeld van zijn handtekening en ambtsstempel.<\/p>\n\n\n\n<p>Een be\u00ebdigd vertaler heeft een diploma van een erkende vertaalopleiding op minimaal hbo-niveau, heeft een verklaring van goed gedrag, en legt een professionele eed af voor een rechtbank.<\/p>\n\n\n\n<h2 style=\"font-size:27px\"><strong>Wanneer heb je een be\u00ebdigde vertaling nodig?<\/strong><\/h2>\n\n\n\n<p>Een juridisch document hoeft niet per definitie be\u00ebdigd te worden vertaald. U kunt hier het best pas om vragen als u een rechtsgeldig en officieel document nodig hebt voor een offici\u00eble instantie.<\/p>\n\n\n\n<p>Voorbeelden van be\u00ebdigde vertalingen:<\/p>\n\n\n\n<ul><li>geboorteakten<\/li><li>rijbewijzen<\/li><li>juridische documenten voor rechtszaken<\/li><li>diploma&#8217;s<\/li><li>emigratiedocumenten<\/li><li>testamenten<\/li><li>trouwakten<\/li><\/ul>\n\n\n\n<p>Tip: twijfelt u, vraag dan voor de zekerheid bij de instantie die om het document vraagt na of een be\u00ebdigde vertaling echt nodig is. U betaalt hier namelijk extra voor en dat is zonde als het niet nodig is.<\/p>\n\n\n\n<h2 style=\"font-size:27px\"><strong>De juiste taal, het juiste land&nbsp;<\/strong><\/h2>\n\n\n\n<p>Be\u00ebdigde vertalingen moeten worden gemaakt door een vertaler die in het land van gebruik van het document bevoegd is. Let dus niet alleen op de juiste talen voor het vertalen van uw offici\u00eble documenten. Als u een Engelse be\u00ebdigde vertaling nodig hebt voor gebruik in Engeland, dan kan het document niet zomaar worden vertaald door een be\u00ebdigd vertaler uit Amerika. <\/p>\n\n\n\n<h2 style=\"font-size:27px\"><strong>Legalisatie<\/strong><\/h2>\n\n\n\n<p>Vaak moet een be\u00ebdigde vertaling worden gelegaliseerd; dit houdt in dat een rechtbank de geldigheid bevestigt. Is het land waar u de vertaling nodig hebt aangesloten bij het <strong><a rel=\"noreferrer noopener\" href=\"https:\/\/www.nederlandwereldwijd.nl\/wonen-werken\/legalisatie-van-nederlandse-documenten\/overzicht-apostillelanden\" data-type=\"URL\" data-id=\"https:\/\/www.nederlandwereldwijd.nl\/wonen-werken\/legalisatie-van-nederlandse-documenten\/overzicht-apostillelanden\" target=\"_blank\">Apostilleverdrag<\/a><\/strong>\u00a0(een legalisatieverdrag), dan voldoet een stempel van de rechtbank. Doordat be\u00ebdigd vertalers in het landelijke register staan, kan elke rechtbank in Nederland zo&#8217;n apostillestempel zetten. <\/p>\n\n\n\n<figure class=\"wp-block-image size-large is-resized is-style-twentytwentyone-border\"><img loading=\"lazy\" src=\"https:\/\/lingua-iusta.nl\/wp-content\/uploads\/2020\/12\/Apostille.png\" alt=\"\" class=\"wp-image-60\" width=\"375\" height=\"398\" srcset=\"https:\/\/lingua-iusta.nl\/wp-content\/uploads\/2020\/12\/Apostille.png 450w, https:\/\/lingua-iusta.nl\/wp-content\/uploads\/2020\/12\/Apostille-282x300.png 282w\" sizes=\"(max-width: 375px) 100vw, 375px\" \/><\/figure>\n\n\n\n<p>Is het land waar u de vertaling nodig hebt niet aangesloten bij dat verdrag, dan is <strong>een volledige legalisatieprocedure<\/strong>&nbsp;noodzakelijk. De rechtbank waar de be\u00ebdigd vertaler is geregistreerd verifieert en bekrachtigt de handtekening van de vertaler, waarna het Nederlandse ministerie van Justitie en het ministerie van Buitenlandse Zaken aan zet zijn. Vervolgens is het aan de ambassade of het consulaat van het land waarvoor de be\u00ebdigde vertaling bestemd is om het document te legaliseren.<\/p>\n","protected":false},"excerpt":{"rendered":"<p>Wat is een be\u00ebdigde vertaling precies? Een be\u00ebdigde vertaling is een vertaling gemaakt door een be\u00ebdigd vertaler. Een vertaling van zijn hand is rechtsgeldig, want hij staat ingeschreven in het Register Be\u00ebdigde Tolken en Vertalers \u00e9n is be\u00ebdigd door een rechtbank. Een be\u00ebdigd vertaler staat bij minimaal \u00e9\u00e9n rechtbank geregistreerd. Een vertaling van een be\u00ebdigd&hellip; <a class=\"more-link\" href=\"https:\/\/lingua-iusta.nl\/?page_id=58\">Lees verder <span class=\"screen-reader-text\">Be\u00ebdigd vertalen<\/span><\/a><\/p>\n","protected":false},"author":1,"featured_media":0,"parent":0,"menu_order":0,"comment_status":"closed","ping_status":"closed","template":"","meta":[],"yoast_head":"<!-- This site is optimized with the Yoast SEO plugin v15.5 - https:\/\/yoast.com\/wordpress\/plugins\/seo\/ -->\n<title>Be\u00ebdigd vertalen - Lingua Iusta Translations<\/title>\n<meta name=\"robots\" content=\"index, follow, max-snippet:-1, max-image-preview:large, max-video-preview:-1\" \/>\n<link rel=\"canonical\" href=\"https:\/\/lingua-iusta.nl\/?page_id=58\" \/>\n<meta property=\"og:locale\" content=\"nl_NL\" \/>\n<meta property=\"og:type\" content=\"article\" \/>\n<meta property=\"og:title\" content=\"Be\u00ebdigd vertalen - Lingua Iusta Translations\" \/>\n<meta property=\"og:description\" content=\"Wat is een be\u00ebdigde vertaling precies? Een be\u00ebdigde vertaling is een vertaling gemaakt door een be\u00ebdigd vertaler. Een vertaling van zijn hand is rechtsgeldig, want hij staat ingeschreven in het Register Be\u00ebdigde Tolken en Vertalers \u00e9n is be\u00ebdigd door een rechtbank. Een be\u00ebdigd vertaler staat bij minimaal \u00e9\u00e9n rechtbank geregistreerd. Een vertaling van een be\u00ebdigd&hellip; Lees verder Be\u00ebdigd vertalen\" \/>\n<meta property=\"og:url\" content=\"https:\/\/lingua-iusta.nl\/?page_id=58\" \/>\n<meta property=\"og:site_name\" content=\"Lingua Iusta Translations\" \/>\n<meta property=\"article:modified_time\" content=\"2020-12-28T18:24:07+00:00\" \/>\n<meta property=\"og:image\" content=\"https:\/\/lingua-iusta.nl\/wp-content\/uploads\/2020\/12\/Apostille.png\" \/>\n<meta name=\"twitter:card\" content=\"summary_large_image\" \/>\n<meta name=\"twitter:label1\" content=\"Geschatte leestijd\">\n\t<meta name=\"twitter:data1\" content=\"2 minuten\">\n<script type=\"application\/ld+json\" class=\"yoast-schema-graph\">{\"@context\":\"https:\/\/schema.org\",\"@graph\":[{\"@type\":\"Organization\",\"@id\":\"https:\/\/lingua-iusta.nl\/#organization\",\"name\":\"Lingua Iusta Translations\",\"url\":\"https:\/\/lingua-iusta.nl\/\",\"sameAs\":[],\"logo\":{\"@type\":\"ImageObject\",\"@id\":\"https:\/\/lingua-iusta.nl\/#logo\",\"inLanguage\":\"nl\",\"url\":\"https:\/\/lingua-iusta.nl\/wp-content\/uploads\/2020\/12\/lit.png\",\"width\":200,\"height\":200,\"caption\":\"Lingua Iusta Translations\"},\"image\":{\"@id\":\"https:\/\/lingua-iusta.nl\/#logo\"}},{\"@type\":\"WebSite\",\"@id\":\"https:\/\/lingua-iusta.nl\/#website\",\"url\":\"https:\/\/lingua-iusta.nl\/\",\"name\":\"Lingua Iusta Translations\",\"description\":\"Engels - Spaans - Nederlands\",\"publisher\":{\"@id\":\"https:\/\/lingua-iusta.nl\/#organization\"},\"potentialAction\":[{\"@type\":\"SearchAction\",\"target\":\"https:\/\/lingua-iusta.nl\/?s={search_term_string}\",\"query-input\":\"required name=search_term_string\"}],\"inLanguage\":\"nl\"},{\"@type\":\"ImageObject\",\"@id\":\"https:\/\/lingua-iusta.nl\/?page_id=58#primaryimage\",\"inLanguage\":\"nl\",\"url\":\"https:\/\/lingua-iusta.nl\/wp-content\/uploads\/2020\/12\/Apostille.png\",\"width\":450,\"height\":478},{\"@type\":\"WebPage\",\"@id\":\"https:\/\/lingua-iusta.nl\/?page_id=58#webpage\",\"url\":\"https:\/\/lingua-iusta.nl\/?page_id=58\",\"name\":\"Be\\u00ebdigd vertalen - Lingua Iusta Translations\",\"isPartOf\":{\"@id\":\"https:\/\/lingua-iusta.nl\/#website\"},\"primaryImageOfPage\":{\"@id\":\"https:\/\/lingua-iusta.nl\/?page_id=58#primaryimage\"},\"datePublished\":\"2020-12-27T21:15:55+00:00\",\"dateModified\":\"2020-12-28T18:24:07+00:00\",\"inLanguage\":\"nl\",\"potentialAction\":[{\"@type\":\"ReadAction\",\"target\":[\"https:\/\/lingua-iusta.nl\/?page_id=58\"]}]}]}<\/script>\n<!-- \/ Yoast SEO plugin. -->","_links":{"self":[{"href":"https:\/\/lingua-iusta.nl\/index.php?rest_route=\/wp\/v2\/pages\/58"}],"collection":[{"href":"https:\/\/lingua-iusta.nl\/index.php?rest_route=\/wp\/v2\/pages"}],"about":[{"href":"https:\/\/lingua-iusta.nl\/index.php?rest_route=\/wp\/v2\/types\/page"}],"author":[{"embeddable":true,"href":"https:\/\/lingua-iusta.nl\/index.php?rest_route=\/wp\/v2\/users\/1"}],"replies":[{"embeddable":true,"href":"https:\/\/lingua-iusta.nl\/index.php?rest_route=%2Fwp%2Fv2%2Fcomments&post=58"}],"version-history":[{"count":16,"href":"https:\/\/lingua-iusta.nl\/index.php?rest_route=\/wp\/v2\/pages\/58\/revisions"}],"predecessor-version":[{"id":165,"href":"https:\/\/lingua-iusta.nl\/index.php?rest_route=\/wp\/v2\/pages\/58\/revisions\/165"}],"wp:attachment":[{"href":"https:\/\/lingua-iusta.nl\/index.php?rest_route=%2Fwp%2Fv2%2Fmedia&parent=58"}],"curies":[{"name":"wp","href":"https:\/\/api.w.org\/{rel}","templated":true}]}}